{"id":14539,"date":"2012-05-29T10:15:11","date_gmt":"2012-05-29T08:15:11","guid":{"rendered":"http:\/\/new.chaire-mai.org\/home\/"},"modified":"2025-09-19T11:14:13","modified_gmt":"2025-09-19T09:14:13","slug":"accueil","status":"publish","type":"page","link":"https:\/\/chaire-mai.org\/en\/","title":{"rendered":"accueil"},"content":{"rendered":"\n<div class=\"gb-element-c7aa6620 alignfull\">\n<section class=\"gb-element-f4400a27\">\n<div class=\"gb-element-99456eb0\">\n<div class=\"gb-element-04835e31\">\n<figure class=\"wp-block-image size-full is-resized\"><img alt=\"\" loading=\"lazy\" decoding=\"async\" width=\"250\" height=\"250\" src=\"https:\/\/chaire-mai.org\/wp-content\/uploads\/2023\/05\/cropped-logo-chaire-MAI.png\" alt=\"\" class=\"wp-image-81254\" style=\"width:186px;height:auto\" srcset=\"https:\/\/chaire-mai.org\/wp-content\/uploads\/2023\/05\/cropped-logo-chaire-MAI.png 250w, https:\/\/chaire-mai.org\/wp-content\/uploads\/2023\/05\/cropped-logo-chaire-MAI-150x150.png 150w\" sizes=\"auto, (max-width: 250px) 100vw, 250px\" \/><\/figure>\n\n\n\n<div class=\"gb-element-3732bb13\">\n<h2 class=\"gb-text gb-text-600d0a1e\">Nam at Augue Tempor in Condimentum Dolor<\/h2>\n\n\n\n<p class=\"gb-text\">Lorem ipsum dolor sit amet, consectetur adipiscing elit. Ut enim est, lacinia ut <br>risus lobortis, posuere pulvinar tortor. Etiam mollis in erat vitae egestas. <\/p>\n\n\n\n<div class=\"gb-element-b121d647\">\n<a class=\"gb-text bouton-principal gb-text-a23c5508\" href=\"https:\/\/chaire-mai.org\/en\/notre-expertise\/\">Pour en savoir plus<\/a>\n\n\n\n<a class=\"gb-text bouton-principal gb-text-1eb18dbb\" href=\"https:\/\/chaire-mai.org\/les-essentiels\/\">Nos essentiels<\/a>\n<\/div>\n<\/div>\n<\/div>\n<\/div>\n\n\n\n<div class=\"gb-element-462e5d67\"><\/div>\n<\/section>\n\n\n\n<section class=\"gb-element-cdcc36b3\">\n<div class=\"gb-element-b08017cc\"><\/div>\n\n\n\n<div class=\"gb-element-c32fae30\">\n<div class=\"gb-element-3e3fbc58\">\n<h2 class=\"gb-text gb-text-c43010de\">Prochain \u00e9v\u00e9nement<\/h2>\n\n\n\n<div class=\"gb-element-47405b4a\">\n<div>\n\n\n\n<p class=\"gb-text\">Aucun r\u00e9sultat.<\/p>\n\n<\/div>\n<\/div>\n<\/div>\n<\/div>\n<\/section>\n\n\n\n<section class=\"gb-element-26a3f7e9\">\n<h2 class=\"gb-text gb-text-021dec6b\">Nos actualit\u00e9s<\/h2>\n\n\n\n<div class=\"gb-element-c1c3b18c\">\n<div>\n\n\n\n<p class=\"gb-text\">Aucun r\u00e9sultat.<\/p>\n\n<\/div>\n<\/div>\n\n\n\n<div class=\"gb-element-9cae9c55\">\n<a class=\"gb-text bouton-principal\" href=\"https:\/\/chaire-mai.org\/pas-de-titre-2\/\">Suite des actualit\u00e9s<\/a>\n<\/div>\n<\/section>\n\n\n\n<div class=\"gb-element-44521885\">\n<h2 class=\"gb-text gb-text-31d99efb\">Nos partenaires<\/h2>\n<\/div>\n\n\n\n<div class=\"gb-element-774e5b2a\"><div class=\"wp-block-image\">\n<figure class=\"aligncenter size-full is-resized\"><img alt=\"\" loading=\"lazy\" decoding=\"async\" width=\"504\" height=\"272\" src=\"https:\/\/chaire-mai.org\/wp-content\/uploads\/2024\/04\/ipsi.png\" alt=\"\" class=\"wp-image-15516\" style=\"width:auto;height:100px\" srcset=\"https:\/\/chaire-mai.org\/wp-content\/uploads\/2024\/04\/ipsi.png 504w, https:\/\/chaire-mai.org\/wp-content\/uploads\/2024\/04\/ipsi-300x162.png 300w\" sizes=\"auto, (max-width: 504px) 100vw, 504px\" \/><\/figure>\n<\/div>\n\n<div class=\"wp-block-image\">\n<figure class=\"aligncenter size-full is-resized\"><img alt=\"\" loading=\"lazy\" decoding=\"async\" width=\"436\" height=\"150\" src=\"https:\/\/chaire-mai.org\/wp-content\/uploads\/2024\/04\/cime.png\" alt=\"\" class=\"wp-image-15514\" style=\"width:auto;height:100px\" srcset=\"https:\/\/chaire-mai.org\/wp-content\/uploads\/2024\/04\/cime.png 436w, https:\/\/chaire-mai.org\/wp-content\/uploads\/2024\/04\/cime-300x103.png 300w\" sizes=\"auto, (max-width: 436px) 100vw, 436px\" \/><\/figure>\n<\/div>\n\n<div class=\"wp-block-image\">\n<figure class=\"aligncenter size-full is-resized\"><img alt=\"\" loading=\"lazy\" decoding=\"async\" width=\"392\" height=\"388\" src=\"https:\/\/chaire-mai.org\/wp-content\/uploads\/2025\/01\/Logo-IFMA-002.jpg\" alt=\"\" class=\"wp-image-51466\" style=\"width:auto;height:100px\" srcset=\"https:\/\/chaire-mai.org\/wp-content\/uploads\/2025\/01\/Logo-IFMA-002.jpg 392w, https:\/\/chaire-mai.org\/wp-content\/uploads\/2025\/01\/Logo-IFMA-002-300x297.jpg 300w\" sizes=\"auto, (max-width: 392px) 100vw, 392px\" \/><\/figure>\n<\/div>\n\n<div class=\"wp-block-image\">\n<figure class=\"aligncenter size-full is-resized\"><img alt=\"\" loading=\"lazy\" decoding=\"async\" width=\"200\" height=\"226\" src=\"https:\/\/chaire-mai.org\/wp-content\/uploads\/2023\/09\/logo_uriopss_ile-de-france.png\" alt=\"\" class=\"wp-image-13567\" style=\"width:auto;height:100px\"\/><\/figure>\n<\/div>\n\n<div class=\"wp-block-image\">\n<figure class=\"aligncenter size-full is-resized\"><img alt=\"\" loading=\"lazy\" decoding=\"async\" width=\"1238\" height=\"773\" src=\"https:\/\/chaire-mai.org\/wp-content\/uploads\/2023\/09\/CoordinationSud-Logotype-CMJN_logo-officiel.png\" alt=\"\" class=\"wp-image-13566\" style=\"width:auto;height:100px\" srcset=\"https:\/\/chaire-mai.org\/wp-content\/uploads\/2023\/09\/CoordinationSud-Logotype-CMJN_logo-officiel.png 1238w, https:\/\/chaire-mai.org\/wp-content\/uploads\/2023\/09\/CoordinationSud-Logotype-CMJN_logo-officiel-300x187.png 300w, https:\/\/chaire-mai.org\/wp-content\/uploads\/2023\/09\/CoordinationSud-Logotype-CMJN_logo-officiel-1024x639.png 1024w, https:\/\/chaire-mai.org\/wp-content\/uploads\/2023\/09\/CoordinationSud-Logotype-CMJN_logo-officiel-768x480.png 768w\" sizes=\"auto, (max-width: 1238px) 100vw, 1238px\" \/><\/figure>\n<\/div>\n\n<div class=\"wp-block-image\">\n<figure class=\"aligncenter size-full is-resized\"><img alt=\"\" loading=\"lazy\" decoding=\"async\" width=\"374\" height=\"193\" src=\"https:\/\/chaire-mai.org\/wp-content\/uploads\/2023\/09\/Logo-CNOSF.png\" alt=\"\" class=\"wp-image-13565\" style=\"width:auto;height:100px\" srcset=\"https:\/\/chaire-mai.org\/wp-content\/uploads\/2023\/09\/Logo-CNOSF.png 374w, https:\/\/chaire-mai.org\/wp-content\/uploads\/2023\/09\/Logo-CNOSF-300x155.png 300w\" sizes=\"auto, (max-width: 374px) 100vw, 374px\" \/><\/figure>\n<\/div><\/div>\n<\/div>\n","protected":false},"excerpt":{"rendered":"<p>Nam at Augue Tempor in Condimentum Dolor Lorem ipsum dolor sit amet, consectetur adipiscing elit. Ut enim est, lacinia ut risus lobortis, posuere pulvinar tortor. Etiam mollis in erat vitae egestas. Pour en savoir plus Nos essentiels Prochain \u00e9v\u00e9nement Nos actualit\u00e9s Suite des actualit\u00e9s Nos partenaires<\/p>\n","protected":false},"author":2,"featured_media":0,"parent":0,"menu_order":0,"comment_status":"closed","ping_status":"closed","template":"","meta":{"_seopress_robots_primary_cat":"","_seopress_titles_title":"","_seopress_titles_desc":"","_seopress_robots_index":"","footnotes":""},"class_list":["post-14539","page","type-page","status-publish"],"_links":{"self":[{"href":"https:\/\/chaire-mai.org\/en\/wp-json\/wp\/v2\/pages\/14539","targetHints":{"allow":["GET"]}}],"collection":[{"href":"https:\/\/chaire-mai.org\/en\/wp-json\/wp\/v2\/pages"}],"about":[{"href":"https:\/\/chaire-mai.org\/en\/wp-json\/wp\/v2\/types\/page"}],"author":[{"embeddable":true,"href":"https:\/\/chaire-mai.org\/en\/wp-json\/wp\/v2\/users\/2"}],"replies":[{"embeddable":true,"href":"https:\/\/chaire-mai.org\/en\/wp-json\/wp\/v2\/comments?post=14539"}],"version-history":[{"count":5,"href":"https:\/\/chaire-mai.org\/en\/wp-json\/wp\/v2\/pages\/14539\/revisions"}],"predecessor-version":[{"id":81845,"href":"https:\/\/chaire-mai.org\/en\/wp-json\/wp\/v2\/pages\/14539\/revisions\/81845"}],"wp:attachment":[{"href":"https:\/\/chaire-mai.org\/en\/wp-json\/wp\/v2\/media?parent=14539"}],"curies":[{"name":"wp","href":"https:\/\/api.w.org\/{rel}","templated":true}]}}