{"id":11496,"date":"2019-06-20T15:23:24","date_gmt":"2019-06-20T13:23:24","guid":{"rendered":"https:\/\/i91h9azury.preview.infomaniak.website\/observatoire\/?page_id=11496"},"modified":"2025-02-02T21:54:52","modified_gmt":"2025-02-02T20:54:52","slug":"qui-sommes-nous","status":"publish","type":"page","link":"https:\/\/chaire-mai.org\/observatoire\/qui-sommes-nous\/","title":{"rendered":"Tout savoir sur l&rsquo;Observatoire OPMI"},"content":{"rendered":"\n<h2>\n\t\tQu&rsquo;est-ce que l&rsquo;Observatoire Paritaire des Mutations Industrielles (OPMI) ?\n\t<\/h2>\n\t<p>L&rsquo;Observatoire est une structure d&rsquo;\u00e9change et de dialogue entre les parties prenantes aux mutations. L&rsquo;ambition est de construire et maintenir un r\u00e9seau d&rsquo;acteurs des mutations &#8211; entreprises, associations, organisations syndicales, pouvoir publics, consultants &#8211; pouvant se rencontrer et d\u00e9battre sur ces questions en dehors des contextes et des enjeux habituels.<\/p>\n<p>Ces \u00e9changes ont vocation \u00e0 orienter les activit\u00e9s de recherche de la chaire dans un sens utile aux acteurs. Inversement, les activit\u00e9s de recherche ont vocation \u00e0 nourrir le d\u00e9bat des acteurs impliqu\u00e9s dans l&rsquo;observatoire.<\/p>\n<p>L&rsquo;Observatoire a \u00e9galement pour objectif de produire de la connaissance publique sous la forme de documents de travail, d&rsquo;ouvrages et d&rsquo;articles scientifiques. Cette production doit :<\/p>\n<ul>\n<li>\u00c9clairer le d\u00e9bat public sur les mutations \u00e0 l&rsquo;\u0153uvre<\/li>\n<li>Identifier les innovations sociales et en sp\u00e9cifier les conditions de transf\u00e9rabilit\u00e9<\/li>\n<li>Nourrir les programmes de formation de l&rsquo;IAE et notamment ceux des masters \u00ab Ressources Humaines &amp; Responsabilit\u00e9 Sociale de l&rsquo;Entreprise \u00bb, \u00ab Management des Associations \u00bb\u00a0 et \u00ab Management de Projets et Innovations \u00bb<\/li>\n<\/ul>\n<p>&nbsp;<\/p>\n<p><img loading=\"lazy\" decoding=\"async\" src=\"https:\/\/plus.unsplash.com\/premium_photo-1674428452435-a09be83ddb38?fm=jpg&amp;q=60&amp;w=3000&amp;ixlib=rb-4.0.3&amp;ixid=M3wxMjA3fDB8MHxzZWFyY2h8NTd8fHF1ZXN0aW9ufGVufDB8fDB8fHww\" alt=\"a white question mark sitting on top of a table\" width=\"299\" height=\"168\" data-testid=\"photo-grid-masonry-img\" \/><\/p>\n<h2>\n\t\tLa gouvernance de l&rsquo;OPMI\n\t<\/h2>\n\t<p>Un comit\u00e9 de pilotage se r\u00e9unira deux fois par an, afin de faire le bilan des activit\u00e9s men\u00e9es et de proposer des th\u00e8mes de recherche en coh\u00e9rence avec les objectifs de l&rsquo;Observatoire.<\/p>\n<p>Le comit\u00e9 de pilotage est compos\u00e9 de 4 repr\u00e9sentants de l&rsquo;IAE Paris (le directeur de la Chaire MAI et 3 responsables scientifiques) et de 6 repr\u00e9sentants de l&rsquo;IPSI (Le Pr\u00e9sident du GESiM, le d\u00e9l\u00e9gu\u00e9 g\u00e9n\u00e9ral du GESiM et un repr\u00e9sentant de chaque organisation syndicale partenaire).<\/p>\n<p>Il se prononcera sur les formats des publications, l&rsquo;organisation de journ\u00e9es d&rsquo;\u00e9tudes, de colloques, le lancement d&rsquo;appels \u00e0 projets de recherche. Il participera \u00e0 la s\u00e9lection des doctorants b\u00e9n\u00e9ficiaires d&rsquo;\u00e9ventuels contrats doctoraux.<\/p>\n<p>Il sera consult\u00e9 au sujet des autres partenariats de recherche conclus par l&rsquo;IAE Paris, dans le cadre de la Chaire MAI et en lien avec ses th\u00e9matiques de recherche.<\/p>\n\n","protected":false},"excerpt":{"rendered":"","protected":false},"author":8,"featured_media":0,"parent":0,"menu_order":0,"comment_status":"closed","ping_status":"closed","template":"","meta":{"_seopress_robots_primary_cat":"","_seopress_titles_title":"","_seopress_titles_desc":"","_seopress_robots_index":"","footnotes":""},"class_list":["post-11496","page","type-page","status-publish"],"_links":{"self":[{"href":"https:\/\/chaire-mai.org\/observatoire\/wp-json\/wp\/v2\/pages\/11496","targetHints":{"allow":["GET"]}}],"collection":[{"href":"https:\/\/chaire-mai.org\/observatoire\/wp-json\/wp\/v2\/pages"}],"about":[{"href":"https:\/\/chaire-mai.org\/observatoire\/wp-json\/wp\/v2\/types\/page"}],"author":[{"embeddable":true,"href":"https:\/\/chaire-mai.org\/observatoire\/wp-json\/wp\/v2\/users\/8"}],"replies":[{"embeddable":true,"href":"https:\/\/chaire-mai.org\/observatoire\/wp-json\/wp\/v2\/comments?post=11496"}],"version-history":[{"count":8,"href":"https:\/\/chaire-mai.org\/observatoire\/wp-json\/wp\/v2\/pages\/11496\/revisions"}],"predecessor-version":[{"id":11956,"href":"https:\/\/chaire-mai.org\/observatoire\/wp-json\/wp\/v2\/pages\/11496\/revisions\/11956"}],"wp:attachment":[{"href":"https:\/\/chaire-mai.org\/observatoire\/wp-json\/wp\/v2\/media?parent=11496"}],"curies":[{"name":"wp","href":"https:\/\/api.w.org\/{rel}","templated":true}]}}