{"id":11915,"date":"2025-02-02T10:36:43","date_gmt":"2025-02-02T09:36:43","guid":{"rendered":"https:\/\/chaire-mai.org\/observatoire\/?page_id=11915"},"modified":"2025-02-02T22:21:25","modified_gmt":"2025-02-02T21:21:25","slug":"partenariat-avec-la-chaire-mai-de-liae-paris","status":"publish","type":"page","link":"https:\/\/chaire-mai.org\/observatoire\/partenariat-avec-la-chaire-mai-de-liae-paris\/","title":{"rendered":"Partenariat avec la Chaire MAI de l&rsquo;IAE Paris"},"content":{"rendered":"\n<h2>\n\t\tLa Chaire MAI (Mutations, Anticipations et Innovations)\n\t<\/h2>\n\t<p>La\u00a0<a href=\"http:\/\/new.chaire-mai.org\/\" target=\"_blank\" rel=\"noreferrer noopener\"><strong>Chaire Mutations Anticipations Innovations<\/strong><\/a>\u00a0de l&rsquo;IAE Paris a d\u00e9velopp\u00e9 depuis sa cr\u00e9ation en 2009\u00a0un programme de recherche\u00a0sur les mutations du monde du travail\u00a0: comment sp\u00e9cifier ces transformations, inventer de nouvelles formes de r\u00e9gulation sociale adapt\u00e9es pour cr\u00e9er des compromis, et identifier des innovations ainsi que les conditions de leur transf\u00e9rabilit\u00e9.<\/p>\n<p><img loading=\"lazy\" decoding=\"async\" src=\"https:\/\/www.iae-paris.com\/sites\/default\/files\/inline-images\/MAI%20JPG_0.jpg\" alt=\"Nos chaires de recherche | IAE Paris Sorbonne Business School\" width=\"241\" height=\"241\" \/><\/p>\n<p>La\u00a0<strong><em>Chaire M.A.I.<\/em><\/strong>\u00a0a pour ambition de questionner la connaissance en sciences de gestion\u00a0\u00e0 partir des\u00a0pratiques innovantes mises en \u0153uvre par les acteurs pour se pr\u00e9parer au changement. Pour cela, la chaire se pr\u00e9sente comme une plateforme d&rsquo;\u00e9change entre praticiens et chercheurs. Les observations recueillies par les chercheurs via des m\u00e9thodes qualitatives et quantitatives constituent le support des discussions et alimentent les enseignements des masters associ\u00e9s.<\/p>\n\n","protected":false},"excerpt":{"rendered":"","protected":false},"author":15,"featured_media":0,"parent":0,"menu_order":0,"comment_status":"closed","ping_status":"closed","template":"","meta":{"_seopress_robots_primary_cat":"","_seopress_titles_title":"","_seopress_titles_desc":"","_seopress_robots_index":"","footnotes":""},"class_list":["post-11915","page","type-page","status-publish"],"_links":{"self":[{"href":"https:\/\/chaire-mai.org\/observatoire\/wp-json\/wp\/v2\/pages\/11915","targetHints":{"allow":["GET"]}}],"collection":[{"href":"https:\/\/chaire-mai.org\/observatoire\/wp-json\/wp\/v2\/pages"}],"about":[{"href":"https:\/\/chaire-mai.org\/observatoire\/wp-json\/wp\/v2\/types\/page"}],"author":[{"embeddable":true,"href":"https:\/\/chaire-mai.org\/observatoire\/wp-json\/wp\/v2\/users\/15"}],"replies":[{"embeddable":true,"href":"https:\/\/chaire-mai.org\/observatoire\/wp-json\/wp\/v2\/comments?post=11915"}],"version-history":[{"count":4,"href":"https:\/\/chaire-mai.org\/observatoire\/wp-json\/wp\/v2\/pages\/11915\/revisions"}],"predecessor-version":[{"id":11959,"href":"https:\/\/chaire-mai.org\/observatoire\/wp-json\/wp\/v2\/pages\/11915\/revisions\/11959"}],"wp:attachment":[{"href":"https:\/\/chaire-mai.org\/observatoire\/wp-json\/wp\/v2\/media?parent=11915"}],"curies":[{"name":"wp","href":"https:\/\/api.w.org\/{rel}","templated":true}]}}